{"id":52407,"date":"2025-02-14T09:27:48","date_gmt":"2025-02-14T09:27:48","guid":{"rendered":"https:\/\/selleriapassionecavallo.it\/?post_type=product&#038;p=52407"},"modified":"2025-06-23T13:59:25","modified_gmt":"2025-06-23T13:59:25","slug":"cap-casco-modello-mistrall","status":"publish","type":"product","link":"https:\/\/selleriapassionecavallo.it\/?product=cap-casco-modello-mistrall","title":{"rendered":"CAP CASCO MODELLO MISTRALL"},"content":{"rendered":"<p>Cap &#8220;CASCO&#8221; modello Mistrall Luminoso e arioso imbattibile in termini di prezzo e prestazioni Cap Casco modello Mistrall omologato VG1 ottima ventilazione per un perfetto controllo del microclima all&#8217;interno della calotta Protezione ottimale, alta stabilit\u00e0 e durata nel tempo Clima bilanciato all&#8217;interno del casco attraverso il sistema di equalizzazione a 3 camere riduzione del rischio di brividi di freddo maggiore sicurezza in quanto il nucleo del casco e la scocca sono solidamente collegati, resistente al calore Sistema con ruota per regolare la misura del casco Il cap \u00e8 conforme al regolamento della direttiva europea sullo standard VG1 per le attrezzature di protezione individuale Fresh air ventilation: il cap presenta un sofisticato sistema di ventilazione all&#8217;interno della calotta Massima protezione con il minimo peso, solo 450\/500g Scocca e fodera sono uniti in un singolo elemento La particolare struttura del cap consente un&#8217;ottima visibilit\u00e0 a 360\u00b0 tutto intorno; ci\u00f2 fornisce maggiore sicurezza al crepuscolo e in caso di scarsa visibilit\u00e0 Casco perfetto per un uso quotidiano; un ottimo prodotto con un eccellente rapporto qualit\u00e0\/prezzo Per questo casco \u00e8 possibile sostituire le strisce colorate intercambiabili MyStyle (AB00236) che consentono non solo una visibilit\u00e0 a 360\u00b0 attraverso strisce riflettenti ma vi consentir\u00e0 di abbianare il cap al vostro abbigliamento per essere impeccabili si<\/p>\n","protected":false},"excerpt":{"rendered":"<p>Cap &#8220;CASCO&#8221; modello Mistrall Luminoso e arioso imbattibile in termini di prezzo e prestazioni Cap Casco modello Mistrall omologato VG1 ottima ventilazione per un perfetto controllo del microclima all&#8217;interno della calotta Protezione ottimale, alta stabilit\u00e0 e durata nel tempo Clima bilanciato all&#8217;interno del casco attraverso il sistema di equalizzazione a 3 camere riduzione del rischio di brividi di freddo maggiore sicurezza in quanto il nucleo del casco e la scocca sono solidamente collegati, resistente al calore Sistema con ruota per regolare la misura del casco Il cap \u00e8 conforme al regolamento della direttiva europea sullo standard VG1 per le attrezzature di protezione individuale Fresh air ventilation: il cap presenta un sofisticato sistema di ventilazione all&#8217;interno della calotta Massima protezione con il minimo peso, solo 450\/500g Scocca e fodera sono uniti in un singolo elemento La particolare struttura del cap consente un&#8217;ottima visibilit\u00e0 a 360\u00b0 tutto intorno; ci\u00f2 fornisce maggiore sicurezza al crepuscolo e in caso di scarsa visibilit\u00e0 Casco perfetto per un uso quotidiano; un ottimo prodotto con un eccellente rapporto qualit\u00e0\/prezzo Per questo casco \u00e8 possibile sostituire le strisce colorate intercambiabili MyStyle (AB00236) che consentono non solo una visibilit\u00e0 a 360\u00b0 attraverso strisce riflettenti ma vi consentir\u00e0 di abbianare il cap al vostro abbigliamento per essere impeccabili si<\/p>\n","protected":false},"featured_media":52432,"comment_status":"open","ping_status":"closed","template":"","meta":{"site-sidebar-layout":"default","site-content-layout":"","ast-site-content-layout":"","site-content-style":"default","site-sidebar-style":"default","ast-global-header-display":"","ast-banner-title-visibility":"","ast-main-header-display":"","ast-hfb-above-header-display":"","ast-hfb-below-header-display":"","ast-hfb-mobile-header-display":"","site-post-title":"","ast-breadcrumbs-content":"","ast-featured-img":"","footer-sml-layout":"","theme-transparent-header-meta":"","adv-header-id-meta":"","stick-header-meta":"","header-above-stick-meta":"","header-main-stick-meta":"","header-below-stick-meta":"","astra-migrate-meta-layouts":"default","ast-page-background-enabled":"default","ast-page-background-meta":{"desktop":{"background-color":"var(--ast-global-color-5)","background-image":"","background-repeat":"repeat","background-position":"center center","background-size":"auto","background-attachment":"scroll","background-type":"","background-media":"","overlay-type":"","overlay-color":"","overlay-opacity":"","overlay-gradient":""},"tablet":{"background-color":"","background-image":"","background-repeat":"repeat","background-position":"center center","background-size":"auto","background-attachment":"scroll","background-type":"","background-media":"","overlay-type":"","overlay-color":"","overlay-opacity":"","overlay-gradient":""},"mobile":{"background-color":"","background-image":"","background-repeat":"repeat","background-position":"center center","background-size":"auto","background-attachment":"scroll","background-type":"","background-media":"","overlay-type":"","overlay-color":"","overlay-opacity":"","overlay-gradient":""}},"ast-content-background-meta":{"desktop":{"background-color":"var(--ast-global-color-4)","background-image":"","background-repeat":"repeat","background-position":"center center","background-size":"auto","background-attachment":"scroll","background-type":"","background-media":"","overlay-type":"","overlay-color":"","overlay-opacity":"","overlay-gradient":""},"tablet":{"background-color":"var(--ast-global-color-4)","background-image":"","background-repeat":"repeat","background-position":"center center","background-size":"auto","background-attachment":"scroll","background-type":"","background-media":"","overlay-type":"","overlay-color":"","overlay-opacity":"","overlay-gradient":""},"mobile":{"background-color":"var(--ast-global-color-4)","background-image":"","background-repeat":"repeat","background-position":"center center","background-size":"auto","background-attachment":"scroll","background-type":"","background-media":"","overlay-type":"","overlay-color":"","overlay-opacity":"","overlay-gradient":""}}},"pwb-brand":[629],"product_brand":[],"product_cat":[1175],"product_tag":[],"class_list":{"0":"post-52407","1":"product","2":"type-product","3":"status-publish","4":"has-post-thumbnail","6":"pwb-brand-casco","7":"product_cat-caschi","8":"desktop-align-left","9":"tablet-align-left","10":"mobile-align-left","12":"first","13":"instock","14":"shipping-taxable","15":"purchasable","16":"product-type-variable"},"yoast_head":"<!-- This site is optimized with the Yoast SEO plugin v25.3.1 - https:\/\/yoast.com\/wordpress\/plugins\/seo\/ -->\n<title>CAP CASCO MODELLO MISTRALL - Selleria Passione Cavallo<\/title>\n<meta name=\"robots\" content=\"noindex, follow\" \/>\n<meta property=\"og:locale\" content=\"it_IT\" \/>\n<meta property=\"og:type\" content=\"article\" \/>\n<meta property=\"og:title\" content=\"CAP CASCO MODELLO MISTRALL - Selleria Passione Cavallo\" \/>\n<meta property=\"og:description\" content=\"Cap &#8220;CASCO&#8221; modello Mistrall Luminoso e arioso imbattibile in termini di prezzo e prestazioni Cap Casco modello Mistrall omologato VG1 ottima ventilazione per un perfetto controllo del microclima all&#8217;interno della calotta Protezione ottimale, alta stabilit\u00e0 e durata nel tempo Clima bilanciato all&#8217;interno del casco attraverso il sistema di equalizzazione a 3 camere riduzione del rischio di brividi di freddo maggiore sicurezza in quanto il nucleo del casco e la scocca sono solidamente collegati, resistente al calore Sistema con ruota per regolare la misura del casco Il cap \u00e8 conforme al regolamento della direttiva europea sullo standard VG1 per le attrezzature di protezione individuale Fresh air ventilation: il cap presenta un sofisticato sistema di ventilazione all&#8217;interno della calotta Massima protezione con il minimo peso, solo 450\/500g Scocca e fodera sono uniti in un singolo elemento La particolare struttura del cap consente un&#8217;ottima visibilit\u00e0 a 360\u00b0 tutto intorno; ci\u00f2 fornisce maggiore sicurezza al crepuscolo e in caso di scarsa visibilit\u00e0 Casco perfetto per un uso quotidiano; un ottimo prodotto con un eccellente rapporto qualit\u00e0\/prezzo Per questo casco \u00e8 possibile sostituire le strisce colorate intercambiabili MyStyle (AB00236) che consentono non solo una visibilit\u00e0 a 360\u00b0 attraverso strisce riflettenti ma vi consentir\u00e0 di abbianare il cap al vostro abbigliamento per essere impeccabili si\" \/>\n<meta property=\"og:url\" content=\"https:\/\/selleriapassionecavallo.it\/?product=cap-casco-modello-mistrall\" \/>\n<meta property=\"og:site_name\" content=\"Selleria Passione Cavallo\" \/>\n<meta property=\"article:publisher\" content=\"https:\/\/www.facebook.com\/passionecavallo2019\/?locale=it_IT\" \/>\n<meta property=\"article:modified_time\" content=\"2025-06-23T13:59:25+00:00\" \/>\n<meta property=\"og:image\" content=\"https:\/\/selleriapassionecavallo.it\/wp-content\/uploads\/2025\/02\/AB00192.jpg\" \/>\n\t<meta property=\"og:image:width\" content=\"1500\" \/>\n\t<meta property=\"og:image:height\" content=\"1500\" \/>\n\t<meta property=\"og:image:type\" content=\"image\/jpeg\" \/>\n<meta name=\"twitter:card\" content=\"summary_large_image\" \/>\n<meta name=\"twitter:label1\" content=\"Tempo di lettura stimato\" \/>\n\t<meta name=\"twitter:data1\" content=\"1 minuto\" \/>\n<script type=\"application\/ld+json\" class=\"yoast-schema-graph\">{\"@context\":\"https:\/\/schema.org\",\"@graph\":[{\"@type\":\"WebPage\",\"@id\":\"https:\/\/selleriapassionecavallo.it\/?product=cap-casco-modello-mistrall\",\"url\":\"https:\/\/selleriapassionecavallo.it\/?product=cap-casco-modello-mistrall\",\"name\":\"CAP CASCO MODELLO MISTRALL - Selleria Passione Cavallo\",\"isPartOf\":{\"@id\":\"https:\/\/selleriapassionecavallo.it\/#website\"},\"primaryImageOfPage\":{\"@id\":\"https:\/\/selleriapassionecavallo.it\/?product=cap-casco-modello-mistrall#primaryimage\"},\"image\":{\"@id\":\"https:\/\/selleriapassionecavallo.it\/?product=cap-casco-modello-mistrall#primaryimage\"},\"thumbnailUrl\":\"https:\/\/selleriapassionecavallo.it\/wp-content\/uploads\/2025\/02\/AB00192.jpg\",\"datePublished\":\"2025-02-14T09:27:48+00:00\",\"dateModified\":\"2025-06-23T13:59:25+00:00\",\"breadcrumb\":{\"@id\":\"https:\/\/selleriapassionecavallo.it\/?product=cap-casco-modello-mistrall#breadcrumb\"},\"inLanguage\":\"it-IT\",\"potentialAction\":[{\"@type\":\"ReadAction\",\"target\":[\"https:\/\/selleriapassionecavallo.it\/?product=cap-casco-modello-mistrall\"]}]},{\"@type\":\"ImageObject\",\"inLanguage\":\"it-IT\",\"@id\":\"https:\/\/selleriapassionecavallo.it\/?product=cap-casco-modello-mistrall#primaryimage\",\"url\":\"https:\/\/selleriapassionecavallo.it\/wp-content\/uploads\/2025\/02\/AB00192.jpg\",\"contentUrl\":\"https:\/\/selleriapassionecavallo.it\/wp-content\/uploads\/2025\/02\/AB00192.jpg\",\"width\":1500,\"height\":1500},{\"@type\":\"BreadcrumbList\",\"@id\":\"https:\/\/selleriapassionecavallo.it\/?product=cap-casco-modello-mistrall#breadcrumb\",\"itemListElement\":[{\"@type\":\"ListItem\",\"position\":1,\"name\":\"Home\",\"item\":\"https:\/\/selleriapassionecavallo.it\/\"},{\"@type\":\"ListItem\",\"position\":2,\"name\":\"Shop\",\"item\":\"https:\/\/selleriapassionecavallo.it\/?page_id=6\"},{\"@type\":\"ListItem\",\"position\":3,\"name\":\"CAP CASCO MODELLO MISTRALL\"}]},{\"@type\":\"WebSite\",\"@id\":\"https:\/\/selleriapassionecavallo.it\/#website\",\"url\":\"https:\/\/selleriapassionecavallo.it\/\",\"name\":\"selleriapassionecavallo.it\",\"description\":\"Da sempre con Passione!\",\"publisher\":{\"@id\":\"https:\/\/selleriapassionecavallo.it\/#organization\"},\"potentialAction\":[{\"@type\":\"SearchAction\",\"target\":{\"@type\":\"EntryPoint\",\"urlTemplate\":\"https:\/\/selleriapassionecavallo.it\/?s={search_term_string}\"},\"query-input\":{\"@type\":\"PropertyValueSpecification\",\"valueRequired\":true,\"valueName\":\"search_term_string\"}}],\"inLanguage\":\"it-IT\"},{\"@type\":\"Organization\",\"@id\":\"https:\/\/selleriapassionecavallo.it\/#organization\",\"name\":\"Chianetta Giuseppe\",\"url\":\"https:\/\/selleriapassionecavallo.it\/\",\"logo\":{\"@type\":\"ImageObject\",\"inLanguage\":\"it-IT\",\"@id\":\"https:\/\/selleriapassionecavallo.it\/#\/schema\/logo\/image\/\",\"url\":\"https:\/\/selleriapassionecavallo.it\/wp-content\/uploads\/2025\/02\/logo-passione-cavallo_page-0001-Photoroom.png\",\"contentUrl\":\"https:\/\/selleriapassionecavallo.it\/wp-content\/uploads\/2025\/02\/logo-passione-cavallo_page-0001-Photoroom.png\",\"width\":361,\"height\":243,\"caption\":\"Chianetta Giuseppe\"},\"image\":{\"@id\":\"https:\/\/selleriapassionecavallo.it\/#\/schema\/logo\/image\/\"},\"sameAs\":[\"https:\/\/www.facebook.com\/passionecavallo2019\/?locale=it_IT\",\"https:\/\/www.instagram.com\/passione_cavallo_\/\"]}]}<\/script>\n<!-- \/ Yoast SEO plugin. -->","yoast_head_json":{"title":"CAP CASCO MODELLO MISTRALL - Selleria Passione Cavallo","robots":{"index":"noindex","follow":"follow"},"og_locale":"it_IT","og_type":"article","og_title":"CAP CASCO MODELLO MISTRALL - Selleria Passione Cavallo","og_description":"Cap &#8220;CASCO&#8221; modello Mistrall Luminoso e arioso imbattibile in termini di prezzo e prestazioni Cap Casco modello Mistrall omologato VG1 ottima ventilazione per un perfetto controllo del microclima all&#8217;interno della calotta Protezione ottimale, alta stabilit\u00e0 e durata nel tempo Clima bilanciato all&#8217;interno del casco attraverso il sistema di equalizzazione a 3 camere riduzione del rischio di brividi di freddo maggiore sicurezza in quanto il nucleo del casco e la scocca sono solidamente collegati, resistente al calore Sistema con ruota per regolare la misura del casco Il cap \u00e8 conforme al regolamento della direttiva europea sullo standard VG1 per le attrezzature di protezione individuale Fresh air ventilation: il cap presenta un sofisticato sistema di ventilazione all&#8217;interno della calotta Massima protezione con il minimo peso, solo 450\/500g Scocca e fodera sono uniti in un singolo elemento La particolare struttura del cap consente un&#8217;ottima visibilit\u00e0 a 360\u00b0 tutto intorno; ci\u00f2 fornisce maggiore sicurezza al crepuscolo e in caso di scarsa visibilit\u00e0 Casco perfetto per un uso quotidiano; un ottimo prodotto con un eccellente rapporto qualit\u00e0\/prezzo Per questo casco \u00e8 possibile sostituire le strisce colorate intercambiabili MyStyle (AB00236) che consentono non solo una visibilit\u00e0 a 360\u00b0 attraverso strisce riflettenti ma vi consentir\u00e0 di abbianare il cap al vostro abbigliamento per essere impeccabili si","og_url":"https:\/\/selleriapassionecavallo.it\/?product=cap-casco-modello-mistrall","og_site_name":"Selleria Passione Cavallo","article_publisher":"https:\/\/www.facebook.com\/passionecavallo2019\/?locale=it_IT","article_modified_time":"2025-06-23T13:59:25+00:00","og_image":[{"width":1500,"height":1500,"url":"https:\/\/selleriapassionecavallo.it\/wp-content\/uploads\/2025\/02\/AB00192.jpg","type":"image\/jpeg"}],"twitter_card":"summary_large_image","twitter_misc":{"Tempo di lettura stimato":"1 minuto"},"schema":{"@context":"https:\/\/schema.org","@graph":[{"@type":"WebPage","@id":"https:\/\/selleriapassionecavallo.it\/?product=cap-casco-modello-mistrall","url":"https:\/\/selleriapassionecavallo.it\/?product=cap-casco-modello-mistrall","name":"CAP CASCO MODELLO MISTRALL - Selleria Passione Cavallo","isPartOf":{"@id":"https:\/\/selleriapassionecavallo.it\/#website"},"primaryImageOfPage":{"@id":"https:\/\/selleriapassionecavallo.it\/?product=cap-casco-modello-mistrall#primaryimage"},"image":{"@id":"https:\/\/selleriapassionecavallo.it\/?product=cap-casco-modello-mistrall#primaryimage"},"thumbnailUrl":"https:\/\/selleriapassionecavallo.it\/wp-content\/uploads\/2025\/02\/AB00192.jpg","datePublished":"2025-02-14T09:27:48+00:00","dateModified":"2025-06-23T13:59:25+00:00","breadcrumb":{"@id":"https:\/\/selleriapassionecavallo.it\/?product=cap-casco-modello-mistrall#breadcrumb"},"inLanguage":"it-IT","potentialAction":[{"@type":"ReadAction","target":["https:\/\/selleriapassionecavallo.it\/?product=cap-casco-modello-mistrall"]}]},{"@type":"ImageObject","inLanguage":"it-IT","@id":"https:\/\/selleriapassionecavallo.it\/?product=cap-casco-modello-mistrall#primaryimage","url":"https:\/\/selleriapassionecavallo.it\/wp-content\/uploads\/2025\/02\/AB00192.jpg","contentUrl":"https:\/\/selleriapassionecavallo.it\/wp-content\/uploads\/2025\/02\/AB00192.jpg","width":1500,"height":1500},{"@type":"BreadcrumbList","@id":"https:\/\/selleriapassionecavallo.it\/?product=cap-casco-modello-mistrall#breadcrumb","itemListElement":[{"@type":"ListItem","position":1,"name":"Home","item":"https:\/\/selleriapassionecavallo.it\/"},{"@type":"ListItem","position":2,"name":"Shop","item":"https:\/\/selleriapassionecavallo.it\/?page_id=6"},{"@type":"ListItem","position":3,"name":"CAP CASCO MODELLO MISTRALL"}]},{"@type":"WebSite","@id":"https:\/\/selleriapassionecavallo.it\/#website","url":"https:\/\/selleriapassionecavallo.it\/","name":"selleriapassionecavallo.it","description":"Da sempre con Passione!","publisher":{"@id":"https:\/\/selleriapassionecavallo.it\/#organization"},"potentialAction":[{"@type":"SearchAction","target":{"@type":"EntryPoint","urlTemplate":"https:\/\/selleriapassionecavallo.it\/?s={search_term_string}"},"query-input":{"@type":"PropertyValueSpecification","valueRequired":true,"valueName":"search_term_string"}}],"inLanguage":"it-IT"},{"@type":"Organization","@id":"https:\/\/selleriapassionecavallo.it\/#organization","name":"Chianetta Giuseppe","url":"https:\/\/selleriapassionecavallo.it\/","logo":{"@type":"ImageObject","inLanguage":"it-IT","@id":"https:\/\/selleriapassionecavallo.it\/#\/schema\/logo\/image\/","url":"https:\/\/selleriapassionecavallo.it\/wp-content\/uploads\/2025\/02\/logo-passione-cavallo_page-0001-Photoroom.png","contentUrl":"https:\/\/selleriapassionecavallo.it\/wp-content\/uploads\/2025\/02\/logo-passione-cavallo_page-0001-Photoroom.png","width":361,"height":243,"caption":"Chianetta Giuseppe"},"image":{"@id":"https:\/\/selleriapassionecavallo.it\/#\/schema\/logo\/image\/"},"sameAs":["https:\/\/www.facebook.com\/passionecavallo2019\/?locale=it_IT","https:\/\/www.instagram.com\/passione_cavallo_\/"]}]}},"jetpack_sharing_enabled":true,"brands":[{"id":629,"name":"Casco","slug":"casco"}],"_links":{"self":[{"href":"https:\/\/selleriapassionecavallo.it\/index.php?rest_route=\/wp\/v2\/product\/52407","targetHints":{"allow":["GET"]}}],"collection":[{"href":"https:\/\/selleriapassionecavallo.it\/index.php?rest_route=\/wp\/v2\/product"}],"about":[{"href":"https:\/\/selleriapassionecavallo.it\/index.php?rest_route=\/wp\/v2\/types\/product"}],"replies":[{"embeddable":true,"href":"https:\/\/selleriapassionecavallo.it\/index.php?rest_route=%2Fwp%2Fv2%2Fcomments&post=52407"}],"wp:featuredmedia":[{"embeddable":true,"href":"https:\/\/selleriapassionecavallo.it\/index.php?rest_route=\/wp\/v2\/media\/52432"}],"wp:attachment":[{"href":"https:\/\/selleriapassionecavallo.it\/index.php?rest_route=%2Fwp%2Fv2%2Fmedia&parent=52407"}],"wp:term":[{"taxonomy":"pwb-brand","embeddable":true,"href":"https:\/\/selleriapassionecavallo.it\/index.php?rest_route=%2Fwp%2Fv2%2Fpwb-brand&post=52407"},{"taxonomy":"product_brand","embeddable":true,"href":"https:\/\/selleriapassionecavallo.it\/index.php?rest_route=%2Fwp%2Fv2%2Fproduct_brand&post=52407"},{"taxonomy":"product_cat","embeddable":true,"href":"https:\/\/selleriapassionecavallo.it\/index.php?rest_route=%2Fwp%2Fv2%2Fproduct_cat&post=52407"},{"taxonomy":"product_tag","embeddable":true,"href":"https:\/\/selleriapassionecavallo.it\/index.php?rest_route=%2Fwp%2Fv2%2Fproduct_tag&post=52407"}],"curies":[{"name":"wp","href":"https:\/\/api.w.org\/{rel}","templated":true}]}}