{"id":64027,"date":"2025-02-14T12:30:20","date_gmt":"2025-02-14T12:30:20","guid":{"rendered":"https:\/\/selleriapassionecavallo.it\/?post_type=product&#038;p=64027"},"modified":"2025-04-24T18:16:05","modified_gmt":"2025-04-24T18:16:05","slug":"staffe-alluminio-equitaly-plus-spin","status":"publish","type":"product","link":"https:\/\/selleriapassionecavallo.it\/?product=staffe-alluminio-equitaly-plus-spin","title":{"rendered":"STAFFE ALLUMINIO EQUITALY PLUS SPIN"},"content":{"rendered":"<p>Il sistema SPIN \u00e8 studiato per garantire un grip ottimale anche quando il piede non \u00e8 perfettamente infilato nella staffa, perch\u00e9 il DESIGN ad archi concentrici offre lo stesso grip in ogni angolazione Peso: 453 gr<\/p>\n","protected":false},"excerpt":{"rendered":"<p>Il sistema SPIN \u00e8 studiato per garantire un grip ottimale anche quando il piede non \u00e8 perfettamente infilato nella staffa, perch\u00e9 il DESIGN ad archi concentrici offre lo stesso grip in ogni angolazione Peso: 453 gr<\/p>\n","protected":false},"featured_media":64047,"comment_status":"open","ping_status":"closed","template":"","meta":{"site-sidebar-layout":"default","site-content-layout":"","ast-site-content-layout":"","site-content-style":"default","site-sidebar-style":"default","ast-global-header-display":"","ast-banner-title-visibility":"","ast-main-header-display":"","ast-hfb-above-header-display":"","ast-hfb-below-header-display":"","ast-hfb-mobile-header-display":"","site-post-title":"","ast-breadcrumbs-content":"","ast-featured-img":"","footer-sml-layout":"","theme-transparent-header-meta":"","adv-header-id-meta":"","stick-header-meta":"","header-above-stick-meta":"","header-main-stick-meta":"","header-below-stick-meta":"","astra-migrate-meta-layouts":"default","ast-page-background-enabled":"default","ast-page-background-meta":{"desktop":{"background-color":"var(--ast-global-color-5)","background-image":"","background-repeat":"repeat","background-position":"center center","background-size":"auto","background-attachment":"scroll","background-type":"","background-media":"","overlay-type":"","overlay-color":"","overlay-opacity":"","overlay-gradient":""},"tablet":{"background-color":"","background-image":"","background-repeat":"repeat","background-position":"center center","background-size":"auto","background-attachment":"scroll","background-type":"","background-media":"","overlay-type":"","overlay-color":"","overlay-opacity":"","overlay-gradient":""},"mobile":{"background-color":"","background-image":"","background-repeat":"repeat","background-position":"center center","background-size":"auto","background-attachment":"scroll","background-type":"","background-media":"","overlay-type":"","overlay-color":"","overlay-opacity":"","overlay-gradient":""}},"ast-content-background-meta":{"desktop":{"background-color":"var(--ast-global-color-4)","background-image":"","background-repeat":"repeat","background-position":"center center","background-size":"auto","background-attachment":"scroll","background-type":"","background-media":"","overlay-type":"","overlay-color":"","overlay-opacity":"","overlay-gradient":""},"tablet":{"background-color":"var(--ast-global-color-4)","background-image":"","background-repeat":"repeat","background-position":"center center","background-size":"auto","background-attachment":"scroll","background-type":"","background-media":"","overlay-type":"","overlay-color":"","overlay-opacity":"","overlay-gradient":""},"mobile":{"background-color":"var(--ast-global-color-4)","background-image":"","background-repeat":"repeat","background-position":"center center","background-size":"auto","background-attachment":"scroll","background-type":"","background-media":"","overlay-type":"","overlay-color":"","overlay-opacity":"","overlay-gradient":""}}},"pwb-brand":[891],"product_brand":[],"product_cat":[1268],"product_tag":[],"class_list":{"0":"post-64027","1":"product","2":"type-product","3":"status-publish","4":"has-post-thumbnail","6":"pwb-brand-equitaly","7":"product_cat-staffe-staffe-e-staffili-2","8":"desktop-align-left","9":"tablet-align-left","10":"mobile-align-left","12":"first","13":"instock","14":"shipping-taxable","15":"purchasable","16":"product-type-variable"},"yoast_head":"<!-- This site is optimized with the Yoast SEO plugin v25.3.1 - https:\/\/yoast.com\/wordpress\/plugins\/seo\/ -->\n<title>STAFFE ALLUMINIO EQUITALY PLUS SPIN - Selleria Passione Cavallo<\/title>\n<meta name=\"robots\" content=\"noindex, follow\" \/>\n<meta property=\"og:locale\" content=\"it_IT\" \/>\n<meta property=\"og:type\" content=\"article\" \/>\n<meta property=\"og:title\" content=\"STAFFE ALLUMINIO EQUITALY PLUS SPIN - Selleria Passione Cavallo\" \/>\n<meta property=\"og:description\" content=\"Il sistema SPIN \u00e8 studiato per garantire un grip ottimale anche quando il piede non \u00e8 perfettamente infilato nella staffa, perch\u00e9 il DESIGN ad archi concentrici offre lo stesso grip in ogni angolazione Peso: 453 gr\" \/>\n<meta property=\"og:url\" content=\"https:\/\/selleriapassionecavallo.it\/?product=staffe-alluminio-equitaly-plus-spin\" \/>\n<meta property=\"og:site_name\" content=\"Selleria Passione Cavallo\" \/>\n<meta property=\"article:publisher\" content=\"https:\/\/www.facebook.com\/passionecavallo2019\/?locale=it_IT\" \/>\n<meta property=\"article:modified_time\" content=\"2025-04-24T18:16:05+00:00\" \/>\n<meta property=\"og:image\" content=\"https:\/\/selleriapassionecavallo.it\/wp-content\/uploads\/2025\/02\/EQ00010.jpg\" \/>\n\t<meta property=\"og:image:width\" content=\"1500\" \/>\n\t<meta property=\"og:image:height\" content=\"1500\" \/>\n\t<meta property=\"og:image:type\" content=\"image\/jpeg\" \/>\n<meta name=\"twitter:card\" content=\"summary_large_image\" \/>\n<script type=\"application\/ld+json\" class=\"yoast-schema-graph\">{\"@context\":\"https:\/\/schema.org\",\"@graph\":[{\"@type\":\"WebPage\",\"@id\":\"https:\/\/selleriapassionecavallo.it\/?product=staffe-alluminio-equitaly-plus-spin\",\"url\":\"https:\/\/selleriapassionecavallo.it\/?product=staffe-alluminio-equitaly-plus-spin\",\"name\":\"STAFFE ALLUMINIO EQUITALY PLUS SPIN - Selleria Passione Cavallo\",\"isPartOf\":{\"@id\":\"https:\/\/selleriapassionecavallo.it\/#website\"},\"primaryImageOfPage\":{\"@id\":\"https:\/\/selleriapassionecavallo.it\/?product=staffe-alluminio-equitaly-plus-spin#primaryimage\"},\"image\":{\"@id\":\"https:\/\/selleriapassionecavallo.it\/?product=staffe-alluminio-equitaly-plus-spin#primaryimage\"},\"thumbnailUrl\":\"https:\/\/selleriapassionecavallo.it\/wp-content\/uploads\/2025\/02\/EQ00010.jpg\",\"datePublished\":\"2025-02-14T12:30:20+00:00\",\"dateModified\":\"2025-04-24T18:16:05+00:00\",\"breadcrumb\":{\"@id\":\"https:\/\/selleriapassionecavallo.it\/?product=staffe-alluminio-equitaly-plus-spin#breadcrumb\"},\"inLanguage\":\"it-IT\",\"potentialAction\":[{\"@type\":\"ReadAction\",\"target\":[\"https:\/\/selleriapassionecavallo.it\/?product=staffe-alluminio-equitaly-plus-spin\"]}]},{\"@type\":\"ImageObject\",\"inLanguage\":\"it-IT\",\"@id\":\"https:\/\/selleriapassionecavallo.it\/?product=staffe-alluminio-equitaly-plus-spin#primaryimage\",\"url\":\"https:\/\/selleriapassionecavallo.it\/wp-content\/uploads\/2025\/02\/EQ00010.jpg\",\"contentUrl\":\"https:\/\/selleriapassionecavallo.it\/wp-content\/uploads\/2025\/02\/EQ00010.jpg\",\"width\":1500,\"height\":1500},{\"@type\":\"BreadcrumbList\",\"@id\":\"https:\/\/selleriapassionecavallo.it\/?product=staffe-alluminio-equitaly-plus-spin#breadcrumb\",\"itemListElement\":[{\"@type\":\"ListItem\",\"position\":1,\"name\":\"Home\",\"item\":\"https:\/\/selleriapassionecavallo.it\/\"},{\"@type\":\"ListItem\",\"position\":2,\"name\":\"Shop\",\"item\":\"https:\/\/selleriapassionecavallo.it\/?page_id=6\"},{\"@type\":\"ListItem\",\"position\":3,\"name\":\"STAFFE ALLUMINIO EQUITALY PLUS SPIN\"}]},{\"@type\":\"WebSite\",\"@id\":\"https:\/\/selleriapassionecavallo.it\/#website\",\"url\":\"https:\/\/selleriapassionecavallo.it\/\",\"name\":\"selleriapassionecavallo.it\",\"description\":\"Da sempre con Passione!\",\"publisher\":{\"@id\":\"https:\/\/selleriapassionecavallo.it\/#organization\"},\"potentialAction\":[{\"@type\":\"SearchAction\",\"target\":{\"@type\":\"EntryPoint\",\"urlTemplate\":\"https:\/\/selleriapassionecavallo.it\/?s={search_term_string}\"},\"query-input\":{\"@type\":\"PropertyValueSpecification\",\"valueRequired\":true,\"valueName\":\"search_term_string\"}}],\"inLanguage\":\"it-IT\"},{\"@type\":\"Organization\",\"@id\":\"https:\/\/selleriapassionecavallo.it\/#organization\",\"name\":\"Chianetta Giuseppe\",\"url\":\"https:\/\/selleriapassionecavallo.it\/\",\"logo\":{\"@type\":\"ImageObject\",\"inLanguage\":\"it-IT\",\"@id\":\"https:\/\/selleriapassionecavallo.it\/#\/schema\/logo\/image\/\",\"url\":\"https:\/\/selleriapassionecavallo.it\/wp-content\/uploads\/2025\/02\/logo-passione-cavallo_page-0001-Photoroom.png\",\"contentUrl\":\"https:\/\/selleriapassionecavallo.it\/wp-content\/uploads\/2025\/02\/logo-passione-cavallo_page-0001-Photoroom.png\",\"width\":361,\"height\":243,\"caption\":\"Chianetta Giuseppe\"},\"image\":{\"@id\":\"https:\/\/selleriapassionecavallo.it\/#\/schema\/logo\/image\/\"},\"sameAs\":[\"https:\/\/www.facebook.com\/passionecavallo2019\/?locale=it_IT\",\"https:\/\/www.instagram.com\/passione_cavallo_\/\"]}]}<\/script>\n<!-- \/ Yoast SEO plugin. -->","yoast_head_json":{"title":"STAFFE ALLUMINIO EQUITALY PLUS SPIN - Selleria Passione Cavallo","robots":{"index":"noindex","follow":"follow"},"og_locale":"it_IT","og_type":"article","og_title":"STAFFE ALLUMINIO EQUITALY PLUS SPIN - Selleria Passione Cavallo","og_description":"Il sistema SPIN \u00e8 studiato per garantire un grip ottimale anche quando il piede non \u00e8 perfettamente infilato nella staffa, perch\u00e9 il DESIGN ad archi concentrici offre lo stesso grip in ogni angolazione Peso: 453 gr","og_url":"https:\/\/selleriapassionecavallo.it\/?product=staffe-alluminio-equitaly-plus-spin","og_site_name":"Selleria Passione Cavallo","article_publisher":"https:\/\/www.facebook.com\/passionecavallo2019\/?locale=it_IT","article_modified_time":"2025-04-24T18:16:05+00:00","og_image":[{"width":1500,"height":1500,"url":"https:\/\/selleriapassionecavallo.it\/wp-content\/uploads\/2025\/02\/EQ00010.jpg","type":"image\/jpeg"}],"twitter_card":"summary_large_image","schema":{"@context":"https:\/\/schema.org","@graph":[{"@type":"WebPage","@id":"https:\/\/selleriapassionecavallo.it\/?product=staffe-alluminio-equitaly-plus-spin","url":"https:\/\/selleriapassionecavallo.it\/?product=staffe-alluminio-equitaly-plus-spin","name":"STAFFE ALLUMINIO EQUITALY PLUS SPIN - Selleria Passione Cavallo","isPartOf":{"@id":"https:\/\/selleriapassionecavallo.it\/#website"},"primaryImageOfPage":{"@id":"https:\/\/selleriapassionecavallo.it\/?product=staffe-alluminio-equitaly-plus-spin#primaryimage"},"image":{"@id":"https:\/\/selleriapassionecavallo.it\/?product=staffe-alluminio-equitaly-plus-spin#primaryimage"},"thumbnailUrl":"https:\/\/selleriapassionecavallo.it\/wp-content\/uploads\/2025\/02\/EQ00010.jpg","datePublished":"2025-02-14T12:30:20+00:00","dateModified":"2025-04-24T18:16:05+00:00","breadcrumb":{"@id":"https:\/\/selleriapassionecavallo.it\/?product=staffe-alluminio-equitaly-plus-spin#breadcrumb"},"inLanguage":"it-IT","potentialAction":[{"@type":"ReadAction","target":["https:\/\/selleriapassionecavallo.it\/?product=staffe-alluminio-equitaly-plus-spin"]}]},{"@type":"ImageObject","inLanguage":"it-IT","@id":"https:\/\/selleriapassionecavallo.it\/?product=staffe-alluminio-equitaly-plus-spin#primaryimage","url":"https:\/\/selleriapassionecavallo.it\/wp-content\/uploads\/2025\/02\/EQ00010.jpg","contentUrl":"https:\/\/selleriapassionecavallo.it\/wp-content\/uploads\/2025\/02\/EQ00010.jpg","width":1500,"height":1500},{"@type":"BreadcrumbList","@id":"https:\/\/selleriapassionecavallo.it\/?product=staffe-alluminio-equitaly-plus-spin#breadcrumb","itemListElement":[{"@type":"ListItem","position":1,"name":"Home","item":"https:\/\/selleriapassionecavallo.it\/"},{"@type":"ListItem","position":2,"name":"Shop","item":"https:\/\/selleriapassionecavallo.it\/?page_id=6"},{"@type":"ListItem","position":3,"name":"STAFFE ALLUMINIO EQUITALY PLUS SPIN"}]},{"@type":"WebSite","@id":"https:\/\/selleriapassionecavallo.it\/#website","url":"https:\/\/selleriapassionecavallo.it\/","name":"selleriapassionecavallo.it","description":"Da sempre con Passione!","publisher":{"@id":"https:\/\/selleriapassionecavallo.it\/#organization"},"potentialAction":[{"@type":"SearchAction","target":{"@type":"EntryPoint","urlTemplate":"https:\/\/selleriapassionecavallo.it\/?s={search_term_string}"},"query-input":{"@type":"PropertyValueSpecification","valueRequired":true,"valueName":"search_term_string"}}],"inLanguage":"it-IT"},{"@type":"Organization","@id":"https:\/\/selleriapassionecavallo.it\/#organization","name":"Chianetta Giuseppe","url":"https:\/\/selleriapassionecavallo.it\/","logo":{"@type":"ImageObject","inLanguage":"it-IT","@id":"https:\/\/selleriapassionecavallo.it\/#\/schema\/logo\/image\/","url":"https:\/\/selleriapassionecavallo.it\/wp-content\/uploads\/2025\/02\/logo-passione-cavallo_page-0001-Photoroom.png","contentUrl":"https:\/\/selleriapassionecavallo.it\/wp-content\/uploads\/2025\/02\/logo-passione-cavallo_page-0001-Photoroom.png","width":361,"height":243,"caption":"Chianetta Giuseppe"},"image":{"@id":"https:\/\/selleriapassionecavallo.it\/#\/schema\/logo\/image\/"},"sameAs":["https:\/\/www.facebook.com\/passionecavallo2019\/?locale=it_IT","https:\/\/www.instagram.com\/passione_cavallo_\/"]}]}},"jetpack_sharing_enabled":true,"brands":[{"id":891,"name":"Equitaly","slug":"equitaly"}],"_links":{"self":[{"href":"https:\/\/selleriapassionecavallo.it\/index.php?rest_route=\/wp\/v2\/product\/64027","targetHints":{"allow":["GET"]}}],"collection":[{"href":"https:\/\/selleriapassionecavallo.it\/index.php?rest_route=\/wp\/v2\/product"}],"about":[{"href":"https:\/\/selleriapassionecavallo.it\/index.php?rest_route=\/wp\/v2\/types\/product"}],"replies":[{"embeddable":true,"href":"https:\/\/selleriapassionecavallo.it\/index.php?rest_route=%2Fwp%2Fv2%2Fcomments&post=64027"}],"wp:featuredmedia":[{"embeddable":true,"href":"https:\/\/selleriapassionecavallo.it\/index.php?rest_route=\/wp\/v2\/media\/64047"}],"wp:attachment":[{"href":"https:\/\/selleriapassionecavallo.it\/index.php?rest_route=%2Fwp%2Fv2%2Fmedia&parent=64027"}],"wp:term":[{"taxonomy":"pwb-brand","embeddable":true,"href":"https:\/\/selleriapassionecavallo.it\/index.php?rest_route=%2Fwp%2Fv2%2Fpwb-brand&post=64027"},{"taxonomy":"product_brand","embeddable":true,"href":"https:\/\/selleriapassionecavallo.it\/index.php?rest_route=%2Fwp%2Fv2%2Fproduct_brand&post=64027"},{"taxonomy":"product_cat","embeddable":true,"href":"https:\/\/selleriapassionecavallo.it\/index.php?rest_route=%2Fwp%2Fv2%2Fproduct_cat&post=64027"},{"taxonomy":"product_tag","embeddable":true,"href":"https:\/\/selleriapassionecavallo.it\/index.php?rest_route=%2Fwp%2Fv2%2Fproduct_tag&post=64027"}],"curies":[{"name":"wp","href":"https:\/\/api.w.org\/{rel}","templated":true}]}}