{"id":80511,"date":"2025-02-17T20:50:47","date_gmt":"2025-02-17T20:50:47","guid":{"rendered":"https:\/\/selleriapassionecavallo.it\/?post_type=product&#038;p=80511"},"modified":"2025-06-25T14:42:24","modified_gmt":"2025-06-25T14:42:24","slug":"toy-pony-vogue-headcollar-ember","status":"publish","type":"product","link":"https:\/\/selleriapassionecavallo.it\/?product=toy-pony-vogue-headcollar-ember","title":{"rendered":"TOY PONY VOGUE HEADCOLLAR EMBER"},"content":{"rendered":"<p>Una versione giocattolo perfetta del LeMieux Vogue Headcollar. Include una fascia nasale imbottita in pile e un copricapo con un intricato marchio LeMieux ricamato, una cinghia regolabile e persino una longhina abbinata, proprio come quella vera! Ed \u00e8 disponibile anche in un arcobaleno di colori mixy matchy.  Ora il tuo LeMieux Toy Pony pu\u00f2 apparire sbalorditivo in un completo mix-matchy o matchy-matchy.  Adatto per et\u00e0 3+<\/p>\n","protected":false},"excerpt":{"rendered":"<p>Una versione giocattolo perfetta del LeMieux Vogue Headcollar. Include una fascia nasale imbottita in pile e un copricapo con un intricato marchio LeMieux ricamato, una cinghia regolabile e persino una longhina abbinata, proprio come quella vera! Ed \u00e8 disponibile anche in un arcobaleno di colori mixy matchy. Ora il tuo LeMieux Toy Pony pu\u00f2 apparire sbalorditivo in un completo mix-matchy o matchy-matchy. Adatto per et\u00e0 3+<\/p>\n","protected":false},"featured_media":80549,"comment_status":"open","ping_status":"closed","template":"","meta":{"site-sidebar-layout":"default","site-content-layout":"","ast-site-content-layout":"","site-content-style":"default","site-sidebar-style":"default","ast-global-header-display":"","ast-banner-title-visibility":"","ast-main-header-display":"","ast-hfb-above-header-display":"","ast-hfb-below-header-display":"","ast-hfb-mobile-header-display":"","site-post-title":"","ast-breadcrumbs-content":"","ast-featured-img":"","footer-sml-layout":"","theme-transparent-header-meta":"","adv-header-id-meta":"","stick-header-meta":"","header-above-stick-meta":"","header-main-stick-meta":"","header-below-stick-meta":"","astra-migrate-meta-layouts":"default","ast-page-background-enabled":"default","ast-page-background-meta":{"desktop":{"background-color":"var(--ast-global-color-5)","background-image":"","background-repeat":"repeat","background-position":"center center","background-size":"auto","background-attachment":"scroll","background-type":"","background-media":"","overlay-type":"","overlay-color":"","overlay-opacity":"","overlay-gradient":""},"tablet":{"background-color":"","background-image":"","background-repeat":"repeat","background-position":"center center","background-size":"auto","background-attachment":"scroll","background-type":"","background-media":"","overlay-type":"","overlay-color":"","overlay-opacity":"","overlay-gradient":""},"mobile":{"background-color":"","background-image":"","background-repeat":"repeat","background-position":"center center","background-size":"auto","background-attachment":"scroll","background-type":"","background-media":"","overlay-type":"","overlay-color":"","overlay-opacity":"","overlay-gradient":""}},"ast-content-background-meta":{"desktop":{"background-color":"var(--ast-global-color-4)","background-image":"","background-repeat":"repeat","background-position":"center center","background-size":"auto","background-attachment":"scroll","background-type":"","background-media":"","overlay-type":"","overlay-color":"","overlay-opacity":"","overlay-gradient":""},"tablet":{"background-color":"var(--ast-global-color-4)","background-image":"","background-repeat":"repeat","background-position":"center center","background-size":"auto","background-attachment":"scroll","background-type":"","background-media":"","overlay-type":"","overlay-color":"","overlay-opacity":"","overlay-gradient":""},"mobile":{"background-color":"var(--ast-global-color-4)","background-image":"","background-repeat":"repeat","background-position":"center center","background-size":"auto","background-attachment":"scroll","background-type":"","background-media":"","overlay-type":"","overlay-color":"","overlay-opacity":"","overlay-gradient":""}}},"pwb-brand":[1028],"product_brand":[],"product_cat":[1464],"product_tag":[],"class_list":{"0":"post-80511","1":"product","2":"type-product","3":"status-publish","4":"has-post-thumbnail","6":"pwb-brand-lemieux","7":"product_cat-giochi-giochi-2","8":"desktop-align-left","9":"tablet-align-left","10":"mobile-align-left","12":"first","13":"instock","14":"shipping-taxable","15":"purchasable","16":"product-type-variable"},"yoast_head":"<!-- This site is optimized with the Yoast SEO plugin v25.3.1 - https:\/\/yoast.com\/wordpress\/plugins\/seo\/ -->\n<title>TOY PONY VOGUE HEADCOLLAR EMBER - Selleria Passione Cavallo<\/title>\n<meta name=\"robots\" content=\"noindex, follow\" \/>\n<meta property=\"og:locale\" content=\"it_IT\" \/>\n<meta property=\"og:type\" content=\"article\" \/>\n<meta property=\"og:title\" content=\"TOY PONY VOGUE HEADCOLLAR EMBER - Selleria Passione Cavallo\" \/>\n<meta property=\"og:description\" content=\"Una versione giocattolo perfetta del LeMieux Vogue Headcollar. Include una fascia nasale imbottita in pile e un copricapo con un intricato marchio LeMieux ricamato, una cinghia regolabile e persino una longhina abbinata, proprio come quella vera! Ed \u00e8 disponibile anche in un arcobaleno di colori mixy matchy. Ora il tuo LeMieux Toy Pony pu\u00f2 apparire sbalorditivo in un completo mix-matchy o matchy-matchy. Adatto per et\u00e0 3+\" \/>\n<meta property=\"og:url\" content=\"https:\/\/selleriapassionecavallo.it\/?product=toy-pony-vogue-headcollar-ember\" \/>\n<meta property=\"og:site_name\" content=\"Selleria Passione Cavallo\" \/>\n<meta property=\"article:publisher\" content=\"https:\/\/www.facebook.com\/passionecavallo2019\/?locale=it_IT\" \/>\n<meta property=\"article:modified_time\" content=\"2025-06-25T14:42:24+00:00\" \/>\n<meta property=\"og:image\" content=\"https:\/\/selleriapassionecavallo.it\/wp-content\/uploads\/2025\/02\/LMIT05452.jpg\" \/>\n\t<meta property=\"og:image:width\" content=\"1500\" \/>\n\t<meta property=\"og:image:height\" content=\"1500\" \/>\n\t<meta property=\"og:image:type\" content=\"image\/jpeg\" \/>\n<meta name=\"twitter:card\" content=\"summary_large_image\" \/>\n<script type=\"application\/ld+json\" class=\"yoast-schema-graph\">{\"@context\":\"https:\/\/schema.org\",\"@graph\":[{\"@type\":\"WebPage\",\"@id\":\"https:\/\/selleriapassionecavallo.it\/?product=toy-pony-vogue-headcollar-ember\",\"url\":\"https:\/\/selleriapassionecavallo.it\/?product=toy-pony-vogue-headcollar-ember\",\"name\":\"TOY PONY VOGUE HEADCOLLAR EMBER - Selleria Passione Cavallo\",\"isPartOf\":{\"@id\":\"https:\/\/selleriapassionecavallo.it\/#website\"},\"primaryImageOfPage\":{\"@id\":\"https:\/\/selleriapassionecavallo.it\/?product=toy-pony-vogue-headcollar-ember#primaryimage\"},\"image\":{\"@id\":\"https:\/\/selleriapassionecavallo.it\/?product=toy-pony-vogue-headcollar-ember#primaryimage\"},\"thumbnailUrl\":\"https:\/\/selleriapassionecavallo.it\/wp-content\/uploads\/2025\/02\/LMIT05452.jpg\",\"datePublished\":\"2025-02-17T20:50:47+00:00\",\"dateModified\":\"2025-06-25T14:42:24+00:00\",\"breadcrumb\":{\"@id\":\"https:\/\/selleriapassionecavallo.it\/?product=toy-pony-vogue-headcollar-ember#breadcrumb\"},\"inLanguage\":\"it-IT\",\"potentialAction\":[{\"@type\":\"ReadAction\",\"target\":[\"https:\/\/selleriapassionecavallo.it\/?product=toy-pony-vogue-headcollar-ember\"]}]},{\"@type\":\"ImageObject\",\"inLanguage\":\"it-IT\",\"@id\":\"https:\/\/selleriapassionecavallo.it\/?product=toy-pony-vogue-headcollar-ember#primaryimage\",\"url\":\"https:\/\/selleriapassionecavallo.it\/wp-content\/uploads\/2025\/02\/LMIT05452.jpg\",\"contentUrl\":\"https:\/\/selleriapassionecavallo.it\/wp-content\/uploads\/2025\/02\/LMIT05452.jpg\",\"width\":1500,\"height\":1500},{\"@type\":\"BreadcrumbList\",\"@id\":\"https:\/\/selleriapassionecavallo.it\/?product=toy-pony-vogue-headcollar-ember#breadcrumb\",\"itemListElement\":[{\"@type\":\"ListItem\",\"position\":1,\"name\":\"Home\",\"item\":\"https:\/\/selleriapassionecavallo.it\/\"},{\"@type\":\"ListItem\",\"position\":2,\"name\":\"Shop\",\"item\":\"https:\/\/selleriapassionecavallo.it\/?page_id=6\"},{\"@type\":\"ListItem\",\"position\":3,\"name\":\"TOY PONY VOGUE HEADCOLLAR EMBER\"}]},{\"@type\":\"WebSite\",\"@id\":\"https:\/\/selleriapassionecavallo.it\/#website\",\"url\":\"https:\/\/selleriapassionecavallo.it\/\",\"name\":\"selleriapassionecavallo.it\",\"description\":\"Da sempre con Passione!\",\"publisher\":{\"@id\":\"https:\/\/selleriapassionecavallo.it\/#organization\"},\"potentialAction\":[{\"@type\":\"SearchAction\",\"target\":{\"@type\":\"EntryPoint\",\"urlTemplate\":\"https:\/\/selleriapassionecavallo.it\/?s={search_term_string}\"},\"query-input\":{\"@type\":\"PropertyValueSpecification\",\"valueRequired\":true,\"valueName\":\"search_term_string\"}}],\"inLanguage\":\"it-IT\"},{\"@type\":\"Organization\",\"@id\":\"https:\/\/selleriapassionecavallo.it\/#organization\",\"name\":\"Chianetta Giuseppe\",\"url\":\"https:\/\/selleriapassionecavallo.it\/\",\"logo\":{\"@type\":\"ImageObject\",\"inLanguage\":\"it-IT\",\"@id\":\"https:\/\/selleriapassionecavallo.it\/#\/schema\/logo\/image\/\",\"url\":\"https:\/\/selleriapassionecavallo.it\/wp-content\/uploads\/2025\/02\/logo-passione-cavallo_page-0001-Photoroom.png\",\"contentUrl\":\"https:\/\/selleriapassionecavallo.it\/wp-content\/uploads\/2025\/02\/logo-passione-cavallo_page-0001-Photoroom.png\",\"width\":361,\"height\":243,\"caption\":\"Chianetta Giuseppe\"},\"image\":{\"@id\":\"https:\/\/selleriapassionecavallo.it\/#\/schema\/logo\/image\/\"},\"sameAs\":[\"https:\/\/www.facebook.com\/passionecavallo2019\/?locale=it_IT\",\"https:\/\/www.instagram.com\/passione_cavallo_\/\"]}]}<\/script>\n<!-- \/ Yoast SEO plugin. -->","yoast_head_json":{"title":"TOY PONY VOGUE HEADCOLLAR EMBER - Selleria Passione Cavallo","robots":{"index":"noindex","follow":"follow"},"og_locale":"it_IT","og_type":"article","og_title":"TOY PONY VOGUE HEADCOLLAR EMBER - Selleria Passione Cavallo","og_description":"Una versione giocattolo perfetta del LeMieux Vogue Headcollar. Include una fascia nasale imbottita in pile e un copricapo con un intricato marchio LeMieux ricamato, una cinghia regolabile e persino una longhina abbinata, proprio come quella vera! Ed \u00e8 disponibile anche in un arcobaleno di colori mixy matchy. Ora il tuo LeMieux Toy Pony pu\u00f2 apparire sbalorditivo in un completo mix-matchy o matchy-matchy. Adatto per et\u00e0 3+","og_url":"https:\/\/selleriapassionecavallo.it\/?product=toy-pony-vogue-headcollar-ember","og_site_name":"Selleria Passione Cavallo","article_publisher":"https:\/\/www.facebook.com\/passionecavallo2019\/?locale=it_IT","article_modified_time":"2025-06-25T14:42:24+00:00","og_image":[{"width":1500,"height":1500,"url":"https:\/\/selleriapassionecavallo.it\/wp-content\/uploads\/2025\/02\/LMIT05452.jpg","type":"image\/jpeg"}],"twitter_card":"summary_large_image","schema":{"@context":"https:\/\/schema.org","@graph":[{"@type":"WebPage","@id":"https:\/\/selleriapassionecavallo.it\/?product=toy-pony-vogue-headcollar-ember","url":"https:\/\/selleriapassionecavallo.it\/?product=toy-pony-vogue-headcollar-ember","name":"TOY PONY VOGUE HEADCOLLAR EMBER - Selleria Passione Cavallo","isPartOf":{"@id":"https:\/\/selleriapassionecavallo.it\/#website"},"primaryImageOfPage":{"@id":"https:\/\/selleriapassionecavallo.it\/?product=toy-pony-vogue-headcollar-ember#primaryimage"},"image":{"@id":"https:\/\/selleriapassionecavallo.it\/?product=toy-pony-vogue-headcollar-ember#primaryimage"},"thumbnailUrl":"https:\/\/selleriapassionecavallo.it\/wp-content\/uploads\/2025\/02\/LMIT05452.jpg","datePublished":"2025-02-17T20:50:47+00:00","dateModified":"2025-06-25T14:42:24+00:00","breadcrumb":{"@id":"https:\/\/selleriapassionecavallo.it\/?product=toy-pony-vogue-headcollar-ember#breadcrumb"},"inLanguage":"it-IT","potentialAction":[{"@type":"ReadAction","target":["https:\/\/selleriapassionecavallo.it\/?product=toy-pony-vogue-headcollar-ember"]}]},{"@type":"ImageObject","inLanguage":"it-IT","@id":"https:\/\/selleriapassionecavallo.it\/?product=toy-pony-vogue-headcollar-ember#primaryimage","url":"https:\/\/selleriapassionecavallo.it\/wp-content\/uploads\/2025\/02\/LMIT05452.jpg","contentUrl":"https:\/\/selleriapassionecavallo.it\/wp-content\/uploads\/2025\/02\/LMIT05452.jpg","width":1500,"height":1500},{"@type":"BreadcrumbList","@id":"https:\/\/selleriapassionecavallo.it\/?product=toy-pony-vogue-headcollar-ember#breadcrumb","itemListElement":[{"@type":"ListItem","position":1,"name":"Home","item":"https:\/\/selleriapassionecavallo.it\/"},{"@type":"ListItem","position":2,"name":"Shop","item":"https:\/\/selleriapassionecavallo.it\/?page_id=6"},{"@type":"ListItem","position":3,"name":"TOY PONY VOGUE HEADCOLLAR EMBER"}]},{"@type":"WebSite","@id":"https:\/\/selleriapassionecavallo.it\/#website","url":"https:\/\/selleriapassionecavallo.it\/","name":"selleriapassionecavallo.it","description":"Da sempre con Passione!","publisher":{"@id":"https:\/\/selleriapassionecavallo.it\/#organization"},"potentialAction":[{"@type":"SearchAction","target":{"@type":"EntryPoint","urlTemplate":"https:\/\/selleriapassionecavallo.it\/?s={search_term_string}"},"query-input":{"@type":"PropertyValueSpecification","valueRequired":true,"valueName":"search_term_string"}}],"inLanguage":"it-IT"},{"@type":"Organization","@id":"https:\/\/selleriapassionecavallo.it\/#organization","name":"Chianetta Giuseppe","url":"https:\/\/selleriapassionecavallo.it\/","logo":{"@type":"ImageObject","inLanguage":"it-IT","@id":"https:\/\/selleriapassionecavallo.it\/#\/schema\/logo\/image\/","url":"https:\/\/selleriapassionecavallo.it\/wp-content\/uploads\/2025\/02\/logo-passione-cavallo_page-0001-Photoroom.png","contentUrl":"https:\/\/selleriapassionecavallo.it\/wp-content\/uploads\/2025\/02\/logo-passione-cavallo_page-0001-Photoroom.png","width":361,"height":243,"caption":"Chianetta Giuseppe"},"image":{"@id":"https:\/\/selleriapassionecavallo.it\/#\/schema\/logo\/image\/"},"sameAs":["https:\/\/www.facebook.com\/passionecavallo2019\/?locale=it_IT","https:\/\/www.instagram.com\/passione_cavallo_\/"]}]}},"jetpack_sharing_enabled":true,"brands":[{"id":1028,"name":"LeMieux","slug":"lemieux"}],"_links":{"self":[{"href":"https:\/\/selleriapassionecavallo.it\/index.php?rest_route=\/wp\/v2\/product\/80511","targetHints":{"allow":["GET"]}}],"collection":[{"href":"https:\/\/selleriapassionecavallo.it\/index.php?rest_route=\/wp\/v2\/product"}],"about":[{"href":"https:\/\/selleriapassionecavallo.it\/index.php?rest_route=\/wp\/v2\/types\/product"}],"replies":[{"embeddable":true,"href":"https:\/\/selleriapassionecavallo.it\/index.php?rest_route=%2Fwp%2Fv2%2Fcomments&post=80511"}],"wp:featuredmedia":[{"embeddable":true,"href":"https:\/\/selleriapassionecavallo.it\/index.php?rest_route=\/wp\/v2\/media\/80549"}],"wp:attachment":[{"href":"https:\/\/selleriapassionecavallo.it\/index.php?rest_route=%2Fwp%2Fv2%2Fmedia&parent=80511"}],"wp:term":[{"taxonomy":"pwb-brand","embeddable":true,"href":"https:\/\/selleriapassionecavallo.it\/index.php?rest_route=%2Fwp%2Fv2%2Fpwb-brand&post=80511"},{"taxonomy":"product_brand","embeddable":true,"href":"https:\/\/selleriapassionecavallo.it\/index.php?rest_route=%2Fwp%2Fv2%2Fproduct_brand&post=80511"},{"taxonomy":"product_cat","embeddable":true,"href":"https:\/\/selleriapassionecavallo.it\/index.php?rest_route=%2Fwp%2Fv2%2Fproduct_cat&post=80511"},{"taxonomy":"product_tag","embeddable":true,"href":"https:\/\/selleriapassionecavallo.it\/index.php?rest_route=%2Fwp%2Fv2%2Fproduct_tag&post=80511"}],"curies":[{"name":"wp","href":"https:\/\/api.w.org\/{rel}","templated":true}]}}